{"id":395,"date":"2023-09-11T09:06:51","date_gmt":"2023-09-11T09:06:51","guid":{"rendered":"https:\/\/vip-leipzig.de\/?page_id=395"},"modified":"2025-08-06T14:04:27","modified_gmt":"2025-08-06T14:04:27","slug":"impressum","status":"publish","type":"page","link":"https:\/\/vip-leipzig.de\/index.php\/impressum\/","title":{"rendered":"Impressum"},"content":{"rendered":"\n<p>VIP Freudenau GmbH<br>Gesch\u00e4ftsf\u00fchrer: Tobias Freudenau<br>Hauptstra\u00dfe 5<br>04435 Schkeuditz<br>Telefon: 0172 \/ 767 7820<\/p>\n\n\n\n<p>Umsatzsteuer-Identifikationsnummer gem\u00e4\u00df \u00a727 a Umsatzsteuergesetz:<br>DE364923209<\/p>\n\n\n\n<p>Inhaltlich Verantwortlicher gem\u00e4\u00df<br>\u00a710 Absatz 3 MDStV:<br>Tobias Freudenau&nbsp;<\/p>\n","protected":false},"excerpt":{"rendered":"<p>VIP Freudenau GmbHGesch\u00e4ftsf\u00fchrer: Tobias FreudenauHauptstra\u00dfe 504435 SchkeuditzTelefon: 0172 \/ 767 7820 Umsatzsteuer-Identifikationsnummer gem\u00e4\u00df \u00a727 a Umsatzsteuergesetz:DE364923209 Inhaltlich Verantwortlicher gem\u00e4\u00df\u00a710 Absatz 3 MDStV:Tobias Freudenau&nbsp;<\/p>\n","protected":false},"author":1,"featured_media":0,"parent":0,"menu_order":0,"comment_status":"closed","ping_status":"closed","template":"","meta":{"footnotes":""},"class_list":["post-395","page","type-page","status-publish","hentry"],"_links":{"self":[{"href":"https:\/\/vip-leipzig.de\/index.php\/wp-json\/wp\/v2\/pages\/395","targetHints":{"allow":["GET"]}}],"collection":[{"href":"https:\/\/vip-leipzig.de\/index.php\/wp-json\/wp\/v2\/pages"}],"about":[{"href":"https:\/\/vip-leipzig.de\/index.php\/wp-json\/wp\/v2\/types\/page"}],"author":[{"embeddable":true,"href":"https:\/\/vip-leipzig.de\/index.php\/wp-json\/wp\/v2\/users\/1"}],"replies":[{"embeddable":true,"href":"https:\/\/vip-leipzig.de\/index.php\/wp-json\/wp\/v2\/comments?post=395"}],"version-history":[{"count":5,"href":"https:\/\/vip-leipzig.de\/index.php\/wp-json\/wp\/v2\/pages\/395\/revisions"}],"predecessor-version":[{"id":747,"href":"https:\/\/vip-leipzig.de\/index.php\/wp-json\/wp\/v2\/pages\/395\/revisions\/747"}],"wp:attachment":[{"href":"https:\/\/vip-leipzig.de\/index.php\/wp-json\/wp\/v2\/media?parent=395"}],"curies":[{"name":"wp","href":"https:\/\/api.w.org\/{rel}","templated":true}]}}